{"id":14,"date":"2021-11-21T15:14:19","date_gmt":"2021-11-21T15:14:19","guid":{"rendered":"https:\/\/www.fischereiverein-waidhofen.at\/?page_id=14"},"modified":"2023-02-06T13:58:52","modified_gmt":"2023-02-06T13:58:52","slug":"about","status":"publish","type":"page","link":"https:\/\/www.fischereiverein-waidhofen.at\/?page_id=14","title":{"rendered":"\u00dcber uns"},"content":{"rendered":"\t\t<div data-elementor-type=\"wp-page\" data-elementor-id=\"14\" class=\"elementor elementor-14\">\n\t\t\t\t\t\t<section class=\"elementor-section elementor-top-section elementor-element elementor-element-c8ddeb6 elementor-section-height-min-height elementor-section-boxed elementor-section-height-default elementor-section-items-middle\" data-id=\"c8ddeb6\" data-element_type=\"section\" data-settings=\"{&quot;background_background&quot;:&quot;classic&quot;}\">\n\t\t\t\t\t\t\t<div class=\"elementor-background-overlay\"><\/div>\n\t\t\t\t\t\t\t<div class=\"elementor-container elementor-column-gap-default\">\n\t\t\t\t\t<div class=\"elementor-column elementor-col-100 elementor-top-column elementor-element elementor-element-dcac37c\" data-id=\"dcac37c\" data-element_type=\"column\">\n\t\t\t<div class=\"elementor-widget-wrap\">\n\t\t\t\t\t\t\t<\/div>\n\t\t<\/div>\n\t\t\t\t\t<\/div>\n\t\t<\/section>\n\t\t\t\t<section class=\"elementor-section elementor-top-section elementor-element elementor-element-4aeb9ea elementor-section-boxed elementor-section-height-default elementor-section-height-default\" data-id=\"4aeb9ea\" data-element_type=\"section\">\n\t\t\t\t\t\t<div class=\"elementor-container elementor-column-gap-default\">\n\t\t\t\t\t<div class=\"elementor-column elementor-col-100 elementor-top-column elementor-element elementor-element-fa7349b\" data-id=\"fa7349b\" data-element_type=\"column\">\n\t\t\t<div class=\"elementor-widget-wrap elementor-element-populated\">\n\t\t\t\t\t\t<div class=\"elementor-element elementor-element-80e75ed elementor-widget elementor-widget-heading\" data-id=\"80e75ed\" data-element_type=\"widget\" data-widget_type=\"heading.default\">\n\t\t\t\t<div class=\"elementor-widget-container\">\n\t\t\t<style>\/*! elementor - v3.23.0 - 05-08-2024 *\/\n.elementor-heading-title{padding:0;margin:0;line-height:1}.elementor-widget-heading .elementor-heading-title[class*=elementor-size-]>a{color:inherit;font-size:inherit;line-height:inherit}.elementor-widget-heading .elementor-heading-title.elementor-size-small{font-size:15px}.elementor-widget-heading .elementor-heading-title.elementor-size-medium{font-size:19px}.elementor-widget-heading .elementor-heading-title.elementor-size-large{font-size:29px}.elementor-widget-heading .elementor-heading-title.elementor-size-xl{font-size:39px}.elementor-widget-heading .elementor-heading-title.elementor-size-xxl{font-size:59px}<\/style><h2 class=\"elementor-heading-title elementor-size-default\">\u00dcber uns<\/h2>\t\t<\/div>\n\t\t\t\t<\/div>\n\t\t\t\t<div class=\"elementor-element elementor-element-ad98974 elementor-widget-divider--view-line elementor-widget elementor-widget-divider\" data-id=\"ad98974\" data-element_type=\"widget\" data-widget_type=\"divider.default\">\n\t\t\t\t<div class=\"elementor-widget-container\">\n\t\t\t<style>\/*! elementor - v3.23.0 - 05-08-2024 *\/\n.elementor-widget-divider{--divider-border-style:none;--divider-border-width:1px;--divider-color:#0c0d0e;--divider-icon-size:20px;--divider-element-spacing:10px;--divider-pattern-height:24px;--divider-pattern-size:20px;--divider-pattern-url:none;--divider-pattern-repeat:repeat-x}.elementor-widget-divider .elementor-divider{display:flex}.elementor-widget-divider .elementor-divider__text{font-size:15px;line-height:1;max-width:95%}.elementor-widget-divider .elementor-divider__element{margin:0 var(--divider-element-spacing);flex-shrink:0}.elementor-widget-divider .elementor-icon{font-size:var(--divider-icon-size)}.elementor-widget-divider .elementor-divider-separator{display:flex;margin:0;direction:ltr}.elementor-widget-divider--view-line_icon .elementor-divider-separator,.elementor-widget-divider--view-line_text .elementor-divider-separator{align-items:center}.elementor-widget-divider--view-line_icon .elementor-divider-separator:after,.elementor-widget-divider--view-line_icon .elementor-divider-separator:before,.elementor-widget-divider--view-line_text .elementor-divider-separator:after,.elementor-widget-divider--view-line_text .elementor-divider-separator:before{display:block;content:\"\";border-block-end:0;flex-grow:1;border-block-start:var(--divider-border-width) var(--divider-border-style) var(--divider-color)}.elementor-widget-divider--element-align-left .elementor-divider .elementor-divider-separator>.elementor-divider__svg:first-of-type{flex-grow:0;flex-shrink:100}.elementor-widget-divider--element-align-left .elementor-divider-separator:before{content:none}.elementor-widget-divider--element-align-left .elementor-divider__element{margin-left:0}.elementor-widget-divider--element-align-right .elementor-divider .elementor-divider-separator>.elementor-divider__svg:last-of-type{flex-grow:0;flex-shrink:100}.elementor-widget-divider--element-align-right .elementor-divider-separator:after{content:none}.elementor-widget-divider--element-align-right .elementor-divider__element{margin-right:0}.elementor-widget-divider--element-align-start .elementor-divider .elementor-divider-separator>.elementor-divider__svg:first-of-type{flex-grow:0;flex-shrink:100}.elementor-widget-divider--element-align-start .elementor-divider-separator:before{content:none}.elementor-widget-divider--element-align-start .elementor-divider__element{margin-inline-start:0}.elementor-widget-divider--element-align-end .elementor-divider .elementor-divider-separator>.elementor-divider__svg:last-of-type{flex-grow:0;flex-shrink:100}.elementor-widget-divider--element-align-end .elementor-divider-separator:after{content:none}.elementor-widget-divider--element-align-end .elementor-divider__element{margin-inline-end:0}.elementor-widget-divider:not(.elementor-widget-divider--view-line_text):not(.elementor-widget-divider--view-line_icon) .elementor-divider-separator{border-block-start:var(--divider-border-width) var(--divider-border-style) var(--divider-color)}.elementor-widget-divider--separator-type-pattern{--divider-border-style:none}.elementor-widget-divider--separator-type-pattern.elementor-widget-divider--view-line .elementor-divider-separator,.elementor-widget-divider--separator-type-pattern:not(.elementor-widget-divider--view-line) .elementor-divider-separator:after,.elementor-widget-divider--separator-type-pattern:not(.elementor-widget-divider--view-line) .elementor-divider-separator:before,.elementor-widget-divider--separator-type-pattern:not([class*=elementor-widget-divider--view]) .elementor-divider-separator{width:100%;min-height:var(--divider-pattern-height);-webkit-mask-size:var(--divider-pattern-size) 100%;mask-size:var(--divider-pattern-size) 100%;-webkit-mask-repeat:var(--divider-pattern-repeat);mask-repeat:var(--divider-pattern-repeat);background-color:var(--divider-color);-webkit-mask-image:var(--divider-pattern-url);mask-image:var(--divider-pattern-url)}.elementor-widget-divider--no-spacing{--divider-pattern-size:auto}.elementor-widget-divider--bg-round{--divider-pattern-repeat:round}.rtl .elementor-widget-divider .elementor-divider__text{direction:rtl}.e-con-inner>.elementor-widget-divider,.e-con>.elementor-widget-divider{width:var(--container-widget-width,100%);--flex-grow:var(--container-widget-flex-grow)}<\/style>\t\t<div class=\"elementor-divider\">\n\t\t\t<span class=\"elementor-divider-separator\">\n\t\t\t\t\t\t<\/span>\n\t\t<\/div>\n\t\t\t\t<\/div>\n\t\t\t\t<\/div>\n\t\t\t\t\t<\/div>\n\t\t<\/div>\n\t\t\t\t\t<\/div>\n\t\t<\/section>\n\t\t\t\t<section class=\"elementor-section elementor-top-section elementor-element elementor-element-034f786 elementor-section-boxed elementor-section-height-default elementor-section-height-default\" data-id=\"034f786\" data-element_type=\"section\">\n\t\t\t\t\t\t<div class=\"elementor-container elementor-column-gap-default\">\n\t\t\t\t\t<div class=\"elementor-column elementor-col-100 elementor-top-column elementor-element elementor-element-ba0c118\" data-id=\"ba0c118\" data-element_type=\"column\">\n\t\t\t<div class=\"elementor-widget-wrap elementor-element-populated\">\n\t\t\t\t\t\t<div class=\"elementor-element elementor-element-5bfe96f elementor-widget elementor-widget-text-editor\" data-id=\"5bfe96f\" data-element_type=\"widget\" data-widget_type=\"text-editor.default\">\n\t\t\t\t<div class=\"elementor-widget-container\">\n\t\t\t<style>\/*! elementor - v3.23.0 - 05-08-2024 *\/\n.elementor-widget-text-editor.elementor-drop-cap-view-stacked .elementor-drop-cap{background-color:#69727d;color:#fff}.elementor-widget-text-editor.elementor-drop-cap-view-framed .elementor-drop-cap{color:#69727d;border:3px solid;background-color:transparent}.elementor-widget-text-editor:not(.elementor-drop-cap-view-default) .elementor-drop-cap{margin-top:8px}.elementor-widget-text-editor:not(.elementor-drop-cap-view-default) .elementor-drop-cap-letter{width:1em;height:1em}.elementor-widget-text-editor .elementor-drop-cap{float:left;text-align:center;line-height:1;font-size:50px}.elementor-widget-text-editor .elementor-drop-cap-letter{display:inline-block}<\/style>\t\t\t\t<p>Der Fischereiverein Waidhofen a. d. Thaya geh\u00f6rt zu den \u00e4ltesten Fischereivereinen in Nieder\u00f6sterreich. Am 13. J\u00e4nner 1933 wurde der Bescheid der Vereinsgr\u00fcndung des Fischereiverein Waidhofen a. d. Thaya \u00fcbermittelt und ist seitdem im Vereinsregister eingetragen. Bei der konstituierenden Sitzung wurde Laurenz Hamernik zum Vorstand und Ludwig P\u00f6lzl zum Schriftf\u00fchrer und Kassier gew\u00e4hlt. Ab 1934 war Karl M\u00fcllner und ab 1935 Julius Nowotny Vorstandstellvertreter. Ab dem 27. M\u00e4rz 1933 war der FV Waidhofen a. d. Thaya alleiniger P\u00e4chter des damaligen Fischereireviers Thaya II\/12.<\/p><p><br><\/p>\n<p>Politische Ver\u00e4nderungen brachten ab dem 13. M\u00e4rz 1938 auch f\u00fcr den FV Waidhofen a. d. Thaya neue Strukturen. Das gesamte \u00f6sterreichische Fischereiwesen wurde dem Reichsverband Deutscher Sportfischer eingegliedert. Aus diesem Grund musste auch der Vereinsname ge\u00e4ndert werden, welcher nun ab den 23. September 1939 auf Angelsportverein Waidhofen an der Thaya e.V. lautete. Bei einer au\u00dferordentlichen Generalversammlung am 22. Mai 1938 wurden Franz Bittner zum Vorstand, Julius Novotny zu dessen Stellvertreter (bis 1943) danach Prof. Rudolf W\u00f6lfel, Ludwig P\u00f6lzl zum Kassenwart und Fritz Langer zum Schriftf\u00fchrer (bis 1943) danach Ignaz J\u00f6rg gew\u00e4hlt. Der Mitgliederstand betrug 36 Personen.<\/p><p><br><\/p>\n<p>Nach der Wiederherstellung der Republik \u00d6sterreich im Jahre 1945 gab es abermals eine v\u00f6llige Neuordnung des Vereinswesens. Ab 10. Mai 1945 \u00fcbernahm Laurenz Hamernik als kommissarischer Leiter die F\u00fchrung der Vereinsagenden. Im November 1945 wurde eine provisorische Vereinsleitung gew\u00e4hlt: Laurenz Hamernik als provisorischer Leiter, Kassier und Gew\u00e4sserwart, Prof. Rudolf W\u00f6lfel als Stellvertreter des Leiters und Schriftf\u00fchrer sowie Johann Gaukl und Franz Lunzer als Beisitzer. Im Jahre 1946 sind im Mitgliedernachweis 59 Vereinsmitglieder ausgewiesen. Ab 1947 war Laurenz Hamernik als gew\u00e4hlter Vereinsobmann t\u00e4tig und \u00fcbte diese Funktion bis 26. Februar 1956 aus. Am 27. Februar 1956 wurden Hannes Pichler zum Vereinsobmann, Karl Lunzer zum Obmannstellvertreter und Otto Schlosser zum Schriftf\u00fchrer und Kassier gew\u00e4hlt.<\/p><p><br><\/p>\n<p>Ab 24. M\u00e4rz 1958 (der Verein bestand 25 Jahre) wurde Oskar Buschek als Nachfolger von Hannes Pichler als Obmann gew\u00e4hlt. Er brachte neue Ideen und bem\u00fchte sich um Bildung und Erwerb von Eigenrevieren und Teichen, da er erkannte, dass die Zukunft des Fischereivereines alleine mit der Bewirtschaftung von Pachtrevieren nicht gesichert werden kann. Es wurde begonnen Fischereirechte von Privatpersonen und K\u00f6rperschaften zu erwerben. KR Hans Piering, seit dem Jahr 1956 im Vereinsvorstand t\u00e4tig, war auch im Vorstand der \u00f6rtlichen Sparkasse t\u00e4tig und konnte sozusagen die Sparkasse als \u201eHausbank\u201c gewinnen und es begann damit eine langj\u00e4hrige gute Zusammenarbeit die Garant f\u00fcr den erfolgreichen Weg war und ist. KR Hans Piering setzte f\u00fcr die Zukunft des Vereines vorbildliche Aktivit\u00e4ten. Er stellte sein Pachtrevier dem FV Waidhofen a. d. Thaya vom 1. Mai 1954 bis 30. April 1974 kostenlos zur Verf\u00fcgung. Als dann die Fischereirechte an den Fischereiverein verkauft wurden hat wiederum KR Hans Piering die H\u00e4lfte des Kaufpreises \u00fcbernommen. Als Dank wurde KR Hans Piering zum Ehrenmitglied ernannt und einer unserer Aufzuchtteiche in KR Hans Piering Teich umbenannt.<\/p><p><br><\/p>\n<p>Obmann Oskar Buschek und seine Vorstandsmitglieder erreichten in oft m\u00fchevollen Verhandlungen den Zukauf von Fischereirechten in der Thaya, somit stand der Bildung von Eigenrevieren nichts mehr im Wege. Bis zum 50 j\u00e4hrigen Vereinsjubil\u00e4um im Jahr 1983 wurden bereits mit 35 Fischereirechtsinhabern Kaufvertr\u00e4ge abgeschlossen. Durch die Ank\u00e4ufe von Fischereirechten kam es immer wieder zu finanziellen Engp\u00e4ssen. Von zahlreichen Vereinsmitgliedern wurden freiwillig Geldmittel zur Verf\u00fcgung gestellt. Einmal musste sogar ein Wechsel (unterschrieben von 52 Vereinsmitgliedern) zur Kreditaufnahme ausgestellt werden.<\/p><p><br><\/p>\n<p>In der Generalversammlung vom 12. April 1964 beschloss man, die Namens\u00e4nderung von Fischereiverein auf Sportfischereiverein Waidhofen a. d. Thaya. Damals wurde seitens des Vorstandes auch ein umfassendes Regulativ f\u00fcr die Angelfischerei und die Lizenzausgabe formuliert und eingef\u00fchrt. Grund daf\u00fcr war die starke Zunahme von Gastfischern. Neben Oskar Buschek als Obmann waren als Obmannstellvertreter bis 1974 Karl Lunzer, ab 1975 Helmut Plach und ab 2004 G\u00fcnther Gratzl gew\u00e4hlt. Als Schriftf\u00fchrer wurden ab 1967 Karl Fichtinger, ab 1995 Bernhard Schleritzko und ab 2004 Helmut Plach gew\u00e4hlt. Als Kassier wurden ab 1960 Josef Binder und ab 1975 Peter Binder gew\u00e4hlt. Ab 2005 wurden die Vereinsstatuten angepasst und der Sportfischereiverein wieder in Fischereiverein Waidhofen a. d. Thaya umbenannt.<\/p><p><br><\/p>\n<p>Der aktuelle gesch\u00e4ftsf\u00fchrende Vorstand:<\/p>\n<ul>\n<li>Obm. G\u00fcnther Gratzl<\/li>\n<li>Obm. Stv Dietmar Rupp<\/li>\n<li>Kassier Christian Schleritzko<\/li>\n<li>Schriftf\u00fchrer Sonja Bierwolf<\/li>\n<\/ul>\t\t\t\t\t\t<\/div>\n\t\t\t\t<\/div>\n\t\t\t\t\t<\/div>\n\t\t<\/div>\n\t\t\t\t\t<\/div>\n\t\t<\/section>\n\t\t\t\t<\/div>\n\t\t","protected":false},"excerpt":{"rendered":"<p>\u00dcber uns Der Fischereiverein Waidhofen a. d. Thaya geh\u00f6rt zu den \u00e4ltesten Fischereivereinen in Nieder\u00f6sterreich. Am 13. J\u00e4nner 1933 wurde der Bescheid der Vereinsgr\u00fcndung des Fischereiverein Waidhofen a. d. Thaya \u00fcbermittelt und ist seitdem im Vereinsregister eingetragen. Bei der konstituierenden Sitzung wurde Laurenz Hamernik zum Vorstand und Ludwig P\u00f6lzl zum Schriftf\u00fchrer und Kassier gew\u00e4hlt. Ab [&hellip;]<\/p>\n","protected":false},"author":1,"featured_media":0,"parent":0,"menu_order":0,"comment_status":"closed","ping_status":"closed","template":"","meta":{"site-sidebar-layout":"no-sidebar","site-content-layout":"page-builder","ast-site-content-layout":"default","site-content-style":"default","site-sidebar-style":"default","ast-global-header-display":"","ast-banner-title-visibility":"","ast-main-header-display":"","ast-hfb-above-header-display":"","ast-hfb-below-header-display":"","ast-hfb-mobile-header-display":"","site-post-title":"disabled","ast-breadcrumbs-content":"","ast-featured-img":"disabled","footer-sml-layout":"","ast-disable-related-posts":"","theme-transparent-header-meta":"enabled","adv-header-id-meta":"","stick-header-meta":"","header-above-stick-meta":"","header-main-stick-meta":"","header-below-stick-meta":"","astra-migrate-meta-layouts":"default","ast-page-background-enabled":"default","ast-page-background-meta":{"desktop":{"background-color":"var(--ast-global-color-4)","background-image":"","background-repeat":"repeat","background-position":"center center","background-size":"auto","background-attachment":"scroll","background-type":"","background-media":"","overlay-type":"","overlay-color":"","overlay-opacity":"","overlay-gradient":""},"tablet":{"background-color":"","background-image":"","background-repeat":"repeat","background-position":"center center","background-size":"auto","background-attachment":"scroll","background-type":"","background-media":"","overlay-type":"","overlay-color":"","overlay-opacity":"","overlay-gradient":""},"mobile":{"background-color":"","background-image":"","background-repeat":"repeat","background-position":"center center","background-size":"auto","background-attachment":"scroll","background-type":"","background-media":"","overlay-type":"","overlay-color":"","overlay-opacity":"","overlay-gradient":""}},"ast-content-background-meta":{"desktop":{"background-color":"var(--ast-global-color-5)","background-image":"","background-repeat":"repeat","background-position":"center center","background-size":"auto","background-attachment":"scroll","background-type":"","background-media":"","overlay-type":"","overlay-color":"","overlay-opacity":"","overlay-gradient":""},"tablet":{"background-color":"var(--ast-global-color-5)","background-image":"","background-repeat":"repeat","background-position":"center center","background-size":"auto","background-attachment":"scroll","background-type":"","background-media":"","overlay-type":"","overlay-color":"","overlay-opacity":"","overlay-gradient":""},"mobile":{"background-color":"var(--ast-global-color-5)","background-image":"","background-repeat":"repeat","background-position":"center center","background-size":"auto","background-attachment":"scroll","background-type":"","background-media":"","overlay-type":"","overlay-color":"","overlay-opacity":"","overlay-gradient":""}}},"_links":{"self":[{"href":"https:\/\/www.fischereiverein-waidhofen.at\/index.php?rest_route=\/wp\/v2\/pages\/14"}],"collection":[{"href":"https:\/\/www.fischereiverein-waidhofen.at\/index.php?rest_route=\/wp\/v2\/pages"}],"about":[{"href":"https:\/\/www.fischereiverein-waidhofen.at\/index.php?rest_route=\/wp\/v2\/types\/page"}],"author":[{"embeddable":true,"href":"https:\/\/www.fischereiverein-waidhofen.at\/index.php?rest_route=\/wp\/v2\/users\/1"}],"replies":[{"embeddable":true,"href":"https:\/\/www.fischereiverein-waidhofen.at\/index.php?rest_route=%2Fwp%2Fv2%2Fcomments&post=14"}],"version-history":[{"count":61,"href":"https:\/\/www.fischereiverein-waidhofen.at\/index.php?rest_route=\/wp\/v2\/pages\/14\/revisions"}],"predecessor-version":[{"id":1708,"href":"https:\/\/www.fischereiverein-waidhofen.at\/index.php?rest_route=\/wp\/v2\/pages\/14\/revisions\/1708"}],"wp:attachment":[{"href":"https:\/\/www.fischereiverein-waidhofen.at\/index.php?rest_route=%2Fwp%2Fv2%2Fmedia&parent=14"}],"curies":[{"name":"wp","href":"https:\/\/api.w.org\/{rel}","templated":true}]}}